
{"id":4705,"date":"2024-11-19T07:13:53","date_gmt":"2024-11-19T07:13:53","guid":{"rendered":"https:\/\/courskhana.com\/product\/physics-1-nisantasi-fall24-25\/"},"modified":"2024-11-19T07:14:11","modified_gmt":"2024-11-19T07:14:11","slug":"physics-1-nisantasi-fall24-25","status":"publish","type":"product","link":"https:\/\/courskhana.com\/ar\/product\/physics-1-nisantasi-fall24-25\/","title":{"rendered":"Physics 1 \u2013 Ni\u015fanta\u015f\u0131 \u2013 Fall24\/25"},"content":{"rendered":"","protected":false},"excerpt":{"rendered":"","protected":false},"featured_media":2951,"template":"","meta":[],"product_brand":[],"product_cat":[37],"product_tag":[],"class_list":{"0":"post-4705","1":"product","2":"type-product","3":"status-publish","4":"has-post-thumbnail","6":"product_cat-noncategorized","8":"first","9":"instock","10":"virtual","11":"sold-individually","12":"purchasable","13":"product-type-simple"},"_links":{"self":[{"href":"https:\/\/courskhana.com\/ar\/wp-json\/wp\/v2\/product\/4705","targetHints":{"allow":["GET"]}}],"collection":[{"href":"https:\/\/courskhana.com\/ar\/wp-json\/wp\/v2\/product"}],"about":[{"href":"https:\/\/courskhana.com\/ar\/wp-json\/wp\/v2\/types\/product"}],"wp:featuredmedia":[{"embeddable":true,"href":"https:\/\/courskhana.com\/ar\/wp-json\/wp\/v2\/media\/2951"}],"wp:attachment":[{"href":"https:\/\/courskhana.com\/ar\/wp-json\/wp\/v2\/media?parent=4705"}],"wp:term":[{"taxonomy":"product_brand","embeddable":true,"href":"https:\/\/courskhana.com\/ar\/wp-json\/wp\/v2\/product_brand?post=4705"},{"taxonomy":"product_cat","embeddable":true,"href":"https:\/\/courskhana.com\/ar\/wp-json\/wp\/v2\/product_cat?post=4705"},{"taxonomy":"product_tag","embeddable":true,"href":"https:\/\/courskhana.com\/ar\/wp-json\/wp\/v2\/product_tag?post=4705"}],"curies":[{"name":"wp","href":"https:\/\/api.w.org\/{rel}","templated":true}]}}