
{"id":5370,"date":"2024-12-29T07:57:51","date_gmt":"2024-12-29T07:57:51","guid":{"rendered":"https:\/\/courskhana.com\/product\/anatomy-101-exploring-the-digestive-system-istinye-universitesi-isu-fall-2024-2025\/"},"modified":"2025-03-20T17:58:40","modified_gmt":"2025-03-20T17:58:40","slug":"anatomy-101-exploring-the-digestive-system-istinye-universitesi-isu-fall-2024-2025","status":"publish","type":"product","link":"https:\/\/courskhana.com\/ar\/product\/anatomy-101-exploring-the-digestive-system-istinye-universitesi-isu-fall-2024-2025\/","title":{"rendered":"Anatomy 101: Exploring the Digestive System \/ \u0130ST\u0130NYE \u00dcN\u0130VERS\u0130TES\u0130 (\u0130S\u00dc) Fall 2024\/2025"},"content":{"rendered":"","protected":false},"excerpt":{"rendered":"","protected":false},"featured_media":5364,"template":"","meta":[],"product_brand":[],"product_cat":[37],"product_tag":[],"class_list":{"0":"post-5370","1":"product","2":"type-product","3":"status-publish","4":"has-post-thumbnail","6":"product_cat-noncategorized","8":"first","9":"instock","10":"sale","11":"virtual","12":"sold-individually","13":"purchasable","14":"product-type-simple"},"_links":{"self":[{"href":"https:\/\/courskhana.com\/ar\/wp-json\/wp\/v2\/product\/5370","targetHints":{"allow":["GET"]}}],"collection":[{"href":"https:\/\/courskhana.com\/ar\/wp-json\/wp\/v2\/product"}],"about":[{"href":"https:\/\/courskhana.com\/ar\/wp-json\/wp\/v2\/types\/product"}],"wp:featuredmedia":[{"embeddable":true,"href":"https:\/\/courskhana.com\/ar\/wp-json\/wp\/v2\/media\/5364"}],"wp:attachment":[{"href":"https:\/\/courskhana.com\/ar\/wp-json\/wp\/v2\/media?parent=5370"}],"wp:term":[{"taxonomy":"product_brand","embeddable":true,"href":"https:\/\/courskhana.com\/ar\/wp-json\/wp\/v2\/product_brand?post=5370"},{"taxonomy":"product_cat","embeddable":true,"href":"https:\/\/courskhana.com\/ar\/wp-json\/wp\/v2\/product_cat?post=5370"},{"taxonomy":"product_tag","embeddable":true,"href":"https:\/\/courskhana.com\/ar\/wp-json\/wp\/v2\/product_tag?post=5370"}],"curies":[{"name":"wp","href":"https:\/\/api.w.org\/{rel}","templated":true}]}}