
{"id":6277,"date":"2025-02-22T08:20:55","date_gmt":"2025-02-22T08:20:55","guid":{"rendered":"https:\/\/courskhana.com\/product\/biochemistry-101-istinye-universitesi-isu-spring-2024-2025\/"},"modified":"2025-02-22T08:20:55","modified_gmt":"2025-02-22T08:20:55","slug":"biochemistry-101-istinye-universitesi-isu-spring-2024-2025","status":"publish","type":"product","link":"https:\/\/courskhana.com\/ar\/product\/biochemistry-101-istinye-universitesi-isu-spring-2024-2025\/","title":{"rendered":"Biochemistry 101 \/ \u0130ST\u0130NYE \u00dcN\u0130VERS\u0130TES\u0130 (\u0130S\u00dc) Spring 2024\/2025"},"content":{"rendered":"","protected":false},"excerpt":{"rendered":"","protected":false},"featured_media":6269,"template":"","meta":[],"product_brand":[],"product_cat":[37],"product_tag":[],"class_list":{"0":"post-6277","1":"product","2":"type-product","3":"status-publish","4":"has-post-thumbnail","6":"product_cat-noncategorized","8":"first","9":"instock","10":"sale","11":"sold-individually","12":"shipping-taxable","13":"purchasable","14":"product-type-simple"},"_links":{"self":[{"href":"https:\/\/courskhana.com\/ar\/wp-json\/wp\/v2\/product\/6277","targetHints":{"allow":["GET"]}}],"collection":[{"href":"https:\/\/courskhana.com\/ar\/wp-json\/wp\/v2\/product"}],"about":[{"href":"https:\/\/courskhana.com\/ar\/wp-json\/wp\/v2\/types\/product"}],"wp:featuredmedia":[{"embeddable":true,"href":"https:\/\/courskhana.com\/ar\/wp-json\/wp\/v2\/media\/6269"}],"wp:attachment":[{"href":"https:\/\/courskhana.com\/ar\/wp-json\/wp\/v2\/media?parent=6277"}],"wp:term":[{"taxonomy":"product_brand","embeddable":true,"href":"https:\/\/courskhana.com\/ar\/wp-json\/wp\/v2\/product_brand?post=6277"},{"taxonomy":"product_cat","embeddable":true,"href":"https:\/\/courskhana.com\/ar\/wp-json\/wp\/v2\/product_cat?post=6277"},{"taxonomy":"product_tag","embeddable":true,"href":"https:\/\/courskhana.com\/ar\/wp-json\/wp\/v2\/product_tag?post=6277"}],"curies":[{"name":"wp","href":"https:\/\/api.w.org\/{rel}","templated":true}]}}