
{"id":6770,"date":"2025-04-05T09:05:20","date_gmt":"2025-04-05T09:05:20","guid":{"rendered":"https:\/\/courskhana.com\/product\/math-3-spring-nisantasi-2425\/"},"modified":"2025-07-02T21:27:42","modified_gmt":"2025-07-02T21:27:42","slug":"math-3-spring-nisantasi-2425","status":"publish","type":"product","link":"https:\/\/courskhana.com\/ar\/product\/math-3-spring-nisantasi-2425\/","title":{"rendered":"Math 3 Spring Ni\u015fanta\u015f\u0131 2425"},"content":{"rendered":"","protected":false},"excerpt":{"rendered":"","protected":false},"featured_media":6763,"template":"","meta":[],"product_brand":[],"product_cat":[37],"product_tag":[],"class_list":{"0":"post-6770","1":"product","2":"type-product","3":"status-publish","4":"has-post-thumbnail","6":"product_cat-noncategorized","8":"first","9":"instock","10":"sale","11":"virtual","12":"sold-individually","13":"purchasable","14":"product-type-simple"},"_links":{"self":[{"href":"https:\/\/courskhana.com\/ar\/wp-json\/wp\/v2\/product\/6770","targetHints":{"allow":["GET"]}}],"collection":[{"href":"https:\/\/courskhana.com\/ar\/wp-json\/wp\/v2\/product"}],"about":[{"href":"https:\/\/courskhana.com\/ar\/wp-json\/wp\/v2\/types\/product"}],"wp:featuredmedia":[{"embeddable":true,"href":"https:\/\/courskhana.com\/ar\/wp-json\/wp\/v2\/media\/6763"}],"wp:attachment":[{"href":"https:\/\/courskhana.com\/ar\/wp-json\/wp\/v2\/media?parent=6770"}],"wp:term":[{"taxonomy":"product_brand","embeddable":true,"href":"https:\/\/courskhana.com\/ar\/wp-json\/wp\/v2\/product_brand?post=6770"},{"taxonomy":"product_cat","embeddable":true,"href":"https:\/\/courskhana.com\/ar\/wp-json\/wp\/v2\/product_cat?post=6770"},{"taxonomy":"product_tag","embeddable":true,"href":"https:\/\/courskhana.com\/ar\/wp-json\/wp\/v2\/product_tag?post=6770"}],"curies":[{"name":"wp","href":"https:\/\/api.w.org\/{rel}","templated":true}]}}