
{"id":6904,"date":"2025-04-08T20:37:45","date_gmt":"2025-04-08T20:37:45","guid":{"rendered":"https:\/\/courskhana.com\/product\/microbiology-istinye-universitesi-isu-spring-2024-2025\/"},"modified":"2025-05-06T17:43:38","modified_gmt":"2025-05-06T17:43:38","slug":"microbiology-istinye-universitesi-isu-spring-2024-2025","status":"publish","type":"product","link":"https:\/\/courskhana.com\/ar\/product\/microbiology-istinye-universitesi-isu-spring-2024-2025\/","title":{"rendered":"Microbiology \/ \u0130ST\u0130NYE \u00dcN\u0130VERS\u0130TES\u0130 (\u0130S\u00dc) Spring 2024\/2025"},"content":{"rendered":"","protected":false},"excerpt":{"rendered":"","protected":false},"featured_media":6897,"template":"","meta":[],"product_brand":[],"product_cat":[37],"product_tag":[],"class_list":{"0":"post-6904","1":"product","2":"type-product","3":"status-publish","4":"has-post-thumbnail","6":"product_cat-noncategorized","8":"first","9":"instock","10":"sale","11":"virtual","12":"sold-individually","13":"purchasable","14":"product-type-simple"},"_links":{"self":[{"href":"https:\/\/courskhana.com\/ar\/wp-json\/wp\/v2\/product\/6904","targetHints":{"allow":["GET"]}}],"collection":[{"href":"https:\/\/courskhana.com\/ar\/wp-json\/wp\/v2\/product"}],"about":[{"href":"https:\/\/courskhana.com\/ar\/wp-json\/wp\/v2\/types\/product"}],"wp:featuredmedia":[{"embeddable":true,"href":"https:\/\/courskhana.com\/ar\/wp-json\/wp\/v2\/media\/6897"}],"wp:attachment":[{"href":"https:\/\/courskhana.com\/ar\/wp-json\/wp\/v2\/media?parent=6904"}],"wp:term":[{"taxonomy":"product_brand","embeddable":true,"href":"https:\/\/courskhana.com\/ar\/wp-json\/wp\/v2\/product_brand?post=6904"},{"taxonomy":"product_cat","embeddable":true,"href":"https:\/\/courskhana.com\/ar\/wp-json\/wp\/v2\/product_cat?post=6904"},{"taxonomy":"product_tag","embeddable":true,"href":"https:\/\/courskhana.com\/ar\/wp-json\/wp\/v2\/product_tag?post=6904"}],"curies":[{"name":"wp","href":"https:\/\/api.w.org\/{rel}","templated":true}]}}